{"id":8894,"date":"2024-05-20T14:26:09","date_gmt":"2024-05-20T14:26:09","guid":{"rendered":"https:\/\/nunoa.cl\/nunoapatrimonial\/?page_id=8894"},"modified":"2024-05-22T20:43:41","modified_gmt":"2024-05-22T20:43:41","slug":"dpc2024","status":"publish","type":"page","link":"https:\/\/nunoa.cl\/nunoapatrimonial\/dpc2024\/","title":{"rendered":""},"content":{"rendered":"\t\t<div data-elementor-type=\"wp-page\" data-elementor-id=\"8894\" class=\"elementor elementor-8894\">\n\t\t\t\t<div class=\"elementor-element elementor-element-4f12a83b e-flex e-con-boxed wpr-particle-no wpr-jarallax-no wpr-parallax-no wpr-sticky-section-no e-con e-parent\" data-id=\"4f12a83b\" data-element_type=\"container\" data-e-type=\"container\">\n\t\t\t\t\t<div class=\"e-con-inner\">\n\t\t\t\t<div class=\"elementor-element elementor-element-77797bfe elementor-widget elementor-widget-text-editor\" data-id=\"77797bfe\" data-element_type=\"widget\" data-e-type=\"widget\" data-widget_type=\"text-editor.default\">\n\t\t\t\t<div class=\"elementor-widget-container\">\n\t\t\t\t\t\t\t\t\t<h1 style=\"text-align: center;\"><span style=\"color: #333399;\"><strong>\u00a1Celebra el D\u00eda de los Patrimonios 2024 en \u00d1u\u00f1oa!<\/strong><\/span><\/h1>\n<h3 style=\"text-align: center;\"><span style=\"color: #333399;\">Nos complace invitar a toda la comunidad a participar en la celebraci\u00f3n del D\u00eda de los Patrimonios 2024 en \u00d1u\u00f1oa. <\/span><\/h3>\n<h3 style=\"text-align: center;\"><span style=\"color: #333399;\">Hemos organizado una serie de actividades especiales para que todos podamos disfrutar y aprender m\u00e1s sobre la rica historia y cultura de nuestra comuna, junto a la Corporaci\u00f3n Cultural de \u00d1u\u00f1oa y el Programa Revive \u00d1u\u00f1oa.<\/span><\/h3>\n<hr>\n<h2 style=\"text-align: left;\"><span style=\"color: #000080;\">S\u00e1bado 25 de Mayo<\/span><\/h2>\n<table width=\"850\">\n<tbody>\n<tr>\n<td width=\"149\">\n<p style=\"text-align: center;\"><span style=\"color: #ffffff;\"><strong>Actividad<\/strong><\/span><\/p>\n<\/td>\n<td style=\"text-align: center;\" width=\"322\"><span style=\"color: #ffffff;\"><strong>Lugar<\/strong><\/span><\/td>\n<td style=\"text-align: center;\" width=\"118\"><span style=\"color: #ffffff;\"><strong>Horario<\/strong><\/span><\/td>\n<td width=\"261\">\n<p style=\"text-align: center;\"><span style=\"color: #ffffff;\"><strong>Detalle<\/strong><\/span><\/p>\n<\/td>\n<\/tr>\n<tr>\n<td width=\"149\">\n<p><span style=\"color: #ffff00;\">Taller<\/span><\/p>\n<p><span style=\"color: #ffff00;\"><strong>Archivo Barrial<\/strong><\/span><\/p>\n<\/td>\n<td width=\"322\">\n<p style=\"text-align: center;\"><span style=\"color: #ffffff;\">Palacio Ossa&nbsp;<\/span><\/p>\n<p style=\"text-align: center;\"><span style=\"color: #ffffff;\">(Casa de la Cultura &#8211; Ada. Irarr\u00e1zaval 4055)<\/span><\/p>\n<\/td>\n<td style=\"text-align: center;\" width=\"118\"><span style=\"color: #ffffff;\">11:00 a 13.00 hrs.<\/span><\/td>\n<td width=\"261\">\n<p style=\"text-align: center;\"><span style=\"color: #ffffff;\">Actividad de creaci\u00f3n art\u00edsticas sobre nuestro patrimonio.<\/span><\/p>\n<p style=\"text-align: center;\"><span style=\"color: #ffffff;\">Dirigido a ni\u00f1eces, j\u00f3venes y personas mayores.<\/span><\/p>\n<p style=\"text-align: center;\"><span style=\"color: #ffffff;\">Sin Inscripci\u00f3n.<\/span><\/p>\n<\/td>\n<\/tr>\n<tr>\n<td width=\"149\">\n<p><span style=\"color: #ffff00;\">Taller<\/span><\/p>\n<p><span style=\"color: #ffff00;\"><strong>Crea tu c\u00e1psula del tiempo<\/strong><\/span><\/p>\n<\/td>\n<td width=\"322\">\n<p style=\"text-align: center;\"><font color=\"#ffffff\">Palacio Garcia<\/font><\/p>\n<p style=\"text-align: center;\"><span style=\"color: rgb(255, 255, 255); font-size: 1em; font-family: var( --e-global-typography-text-font-family ), Sans-serif; letter-spacing: var( --e-global-typography-357df97-letter-spacing ); word-spacing: var( --e-global-typography-357df97-word-spacing );\">&nbsp;<\/span><span style=\"color: rgb(255, 255, 255); font-size: 1em; font-family: var( --e-global-typography-text-font-family ), Sans-serif; letter-spacing: var( --e-global-typography-357df97-letter-spacing ); word-spacing: var( --e-global-typography-357df97-word-spacing );\">(Avda. Irarr\u00e1zaval 4280)<\/span><\/p>\n<\/td>\n<td style=\"text-align: center;\" width=\"118\"><span style=\"color: #ffffff;\">11:00-12:30<\/span><\/td>\n<td width=\"261\">\n<p style=\"text-align: center;\"><span style=\"color: #ffffff;\">Ni\u00f1as\/os de 8 a 12 a\u00f1os<\/span><\/p>\n<p style=\"text-align: center;\"><a href=\"https:\/\/docs.google.com\/forms\/d\/1meZ9rKVSuGnZv-qhpfs26XojnLCPoglXznHVnZFl1sE\/viewform?edit_requested=true\" target=\"_blank\" rel=\"noopener\"><span style=\"color: #ffffff;\">Inscr\u00edbete aqu\u00ed<\/span><\/a><\/p>\n<\/td>\n<\/tr>\n<tr>\n<td width=\"149\">\n<p><span style=\"color: #ffff00;\">Relato Audiovisual<\/span><\/p>\n<p><span style=\"color: #ffff00;\">\u201c<strong>Chikillama, una mujer de las monta\u00f1as\u201d<\/strong><\/span><\/p>\n<\/td>\n<td width=\"322\">\n<p style=\"text-align: center;\"><span style=\"color: #ffffff;\">Espacio Literario &#8211;<\/span><\/p>\n<p style=\"text-align: center;\"><span style=\"color: #ffffff;\">Jorge Washington 116, \u00d1u\u00f1oa<\/span><\/p>\n<\/td>\n<td style=\"text-align: center;\" width=\"118\"><span style=\"color: #ffffff;\">11:00 a 12:30<\/span><\/td>\n<td width=\"261\">\n<p style=\"text-align: center;\"><span style=\"color: #ffffff;\">Abierto<\/span><\/p>\n<\/td>\n<\/tr>\n<tr>\n<td width=\"149\"><span style=\"color: #ffff00;\"><strong>Recorrido&nbsp; por el Patrimonio Barrial de \u00d1u\u00f1oa<\/strong><\/span><\/td>\n<td width=\"322\">\n<p style=\"text-align: center;\"><span style=\"color: #ffffff;\">Salida desde Espacio Literario &#8211;<\/span><\/p>\n<p style=\"text-align: center;\"><span style=\"color: #ffffff;\">Jorge Washington 116, \u00d1u\u00f1oa<\/span><\/p>\n<\/td>\n<td style=\"text-align: center;\" width=\"118\"><span style=\"color: #ffffff;\">14:00 hrs.<\/span><\/td>\n<td style=\"text-align: center;\" width=\"261\">\n<p><span style=\"color: #ffffff;\">Abierto<\/span><\/p>\n<p><span style=\"color: #ffffff;\">Cupos Limitados<\/span><\/p>\n<p><a href=\"mailto:patrimonio@nunoa.cl\"><span style=\"color: #ffffff;\">Inscr\u00edbete aqu\u00ed<\/span><\/a><\/p>\n<\/td>\n<\/tr>\n<tr>\n<td width=\"149\"><span style=\"color: #ffff00;\"><strong>Cine chileno para ni\u00f1as\/os <\/strong>y jornada de juegos.<\/span><\/td>\n<td width=\"322\">\n<p style=\"text-align: center;\"><span style=\"color: #ffffff;\">Sala de Cine de \u00d1u\u00f1oa<\/span><\/p>\n<p style=\"text-align: center;\"><span style=\"color: #ffffff;\">(Casa de la Cultura &#8211; Ada. Irarr\u00e1zaval 4055)<\/span><\/p>\n<\/td>\n<td width=\"118\">\n<p style=\"text-align: center;\"><span style=\"color: #ffffff;\">16:30 a 18:30 hrs.<\/span><\/p>\n<\/td>\n<td width=\"261\">\n<p style=\"text-align: center;\"><span style=\"color: #ffffff;\">Ni\u00f1as\/os<\/span><\/p>\n<p style=\"text-align: center;\"><span style=\"color: #ffffff;\">(Cupos limitados por orden de llegada)<\/span><\/p>\n<\/td>\n<\/tr>\n<tr>\n<td style=\"text-align: center;\" width=\"149\">\n<p style=\"text-align: left;\"><span style=\"color: #ffff00;\"><strong>Cine Chileno<\/strong><\/span><\/p>\n<\/td>\n<td style=\"text-align: center;\" width=\"322\">\n<p style=\"text-align: center;\"><span style=\"color: #ffffff;\">Palomita Blanca<\/span><\/p>\n<p style=\"text-align: center;\"><span style=\"color: #ffffff;\">(Dir. Ra\u00fal Ruiz \u2013 1973)<\/span><\/p>\n<\/td>\n<td style=\"text-align: center;\" width=\"118\"><span style=\"color: #ffffff;\">19.30 hrs.<\/span><\/td>\n<td width=\"261\">\n<p style=\"text-align: center;\"><span style=\"color: #ffffff;\">Adultos<\/span><\/p>\n<p style=\"text-align: center;\"><span style=\"color: #ffffff;\">(Cupos limitados por orden de llegada)<\/span><\/p>\n<\/td>\n<\/tr>\n<\/tbody>\n<\/table>\n<hr>\n<h2 style=\"text-align: left;\"><span style=\"color: #000080;\">Domingo 26 de Mayo<\/span><\/h2>\n<table width=\"810\">\n<tbody>\n<tr>\n<td width=\"149\">\n<p style=\"text-align: center;\"><span style=\"color: #ffffff;\"><strong>Actividad<\/strong><\/span><\/p>\n<\/td>\n<td style=\"text-align: center;\" width=\"325\"><span style=\"color: #ffffff;\"><strong>Lugar<\/strong><\/span><\/td>\n<td style=\"text-align: center;\" width=\"149\"><span style=\"color: #ffffff;\"><strong>Horario<\/strong><\/span><\/td>\n<td width=\"187\">\n<p style=\"text-align: center;\"><span style=\"color: #ffffff;\"><strong>Detalle<\/strong><\/span><\/p>\n<\/td>\n<\/tr>\n<tr>\n<td width=\"149\">\n<p><span style=\"color: #ffff00;\"><strong>Apertura Edificios<\/strong><\/span><\/p>\n<p><span style=\"color: #ffff00;\"><strong> y Visitas Guiadas<\/strong><\/span><\/p>\n<p><\/p>\n<\/td>\n<td width=\"325\">\n<p style=\"text-align: center;\"><span style=\"color: #ffffff;\">-Edificio Consistorial (Avda. Irarr\u00e1zaval 3550)<\/span><\/p>\n<p style=\"text-align: center;\"><span style=\"color: #ffffff;\">-Palacio Ossa (Avda. Irarr\u00e1zaval 4055)<\/span><\/p>\n<p style=\"text-align: center;\"><span style=\"color: #ffffff;\">-Palacio Garc\u00eda (Avda. Irarr\u00e1zaval 4280)<\/span><\/p>\n<\/td>\n<td style=\"text-align: center;\" width=\"149\"><span style=\"color: #ffffff;\">10:00 a 17:00 hrs.<\/span><\/td>\n<td style=\"text-align: center;\" width=\"187\"><span style=\"color: #ffffff;\">Ven a conocer nuestro patrimonio arquitect\u00f3nico a trav\u00e9s de visitas guiadas.<\/span><\/td>\n<\/tr>\n<tr>\n<td width=\"149\">\n<p><span style=\"color: #ffff00;\"><strong>&nbsp;<\/strong><strong>Recorrido<\/strong><\/span><\/p>\n<p><span style=\"color: #ffff00;\"><strong>Patrimonial<\/strong><\/span><\/p>\n<\/td>\n<td width=\"325\">\n<p style=\"text-align: center;\"><span style=\"color: #ffffff;\">Salida desde Espacio Literario<\/span><\/p>\n<p style=\"text-align: center;\"><span style=\"color: #ffffff;\">Jorge Washington 116, \u00d1u\u00f1oa<\/span><\/p>\n<\/td>\n<td style=\"text-align: center;\" width=\"149\"><span style=\"color: #ffffff;\">13.00 hrs.<\/span><\/td>\n<td width=\"187\">\n<p style=\"text-align: center;\"><span style=\"color: #ffffff;\">Recorre nuestra comuna y conoce nuestro patrimonio m\u00e1s importante: templos, conventos, Mezquita As Salam, sitios de memoria, Instituto de Salud P\u00fabica y mucho m\u00e1s.<\/span><\/p>\n<p style=\"text-align: center;\"><span style=\"color: #ffffff;\">Visita con requisitos.<\/span><\/p>\n<p style=\"text-align: center;\"><a href=\"mailto:patrimonio@nunoa.cl\"><span style=\"color: #ffffff;\">Inscr\u00edbete aqu\u00ed<\/span><\/a><\/p>\n<\/td>\n<\/tr>\n<tr>\n<td style=\"text-align: center;\" width=\"149\"><span style=\"color: #ffff00;\"><strong>Mal\u00f3n Patrimonial Hist\u00f3rico<\/strong><\/span><\/td>\n<td width=\"325\">\n<p style=\"text-align: center;\"><span style=\"color: #ffffff;\">Palacio Garc\u00eda<\/span><span style=\"color: #ffffff;\">(Avda. Irarr\u00e1zaval 4280)<\/span><\/p>\n<\/td>\n<td style=\"text-align: center;\" width=\"149\"><span style=\"color: #ffffff;\">16:00 a 20:00<\/span><\/td>\n<td width=\"187\">\n<p style=\"text-align: center;\"><span style=\"color: #ffffff;\">Ven a disfrutar de esta fiesta patrimonial, con m\u00fasica, arte, juegos y comida t\u00edpica de nuestro pa\u00eds.<\/span><\/p>\n<p style=\"text-align: center;\"><span style=\"color: #ffffff;\">No necesita inscripciones.<\/span><\/p>\n<\/td>\n<\/tr>\n<\/tbody>\n<\/table>\n<ul>\n<li>\n<h4><span style=\"color: #000080;\"><strong>Todas las actividades del D\u00eda de los Patrimonios 2024 son gratuitas.<\/strong><\/span><\/h4>\n<\/li>\n<li>\n<h4><span style=\"color: #000080;\"><strong>Para el Recorrido Patrimonial del domingo 26, hay requisitos para acceder a ciertos espacios. Toda la informaci\u00f3n al momento de inscribirse.<\/strong><\/span><\/h4>\n<\/li>\n<\/ul>\t\t\t\t\t\t\t\t<\/div>\n\t\t\t\t<\/div>\n\t\t\t\t\t<\/div>\n\t\t\t\t<\/div>\n\t\t\t\t<\/div>\n\t\t","protected":false},"excerpt":{"rendered":"<p>\u00a1Celebra el D\u00eda de los Patrimonios 2024 en \u00d1u\u00f1oa! Nos complace invitar a toda la comunidad a participar en la celebraci\u00f3n del D\u00eda de los Patrimonios 2024 en \u00d1u\u00f1oa. Hemos organizado una serie de actividades especiales para que todos podamos disfrutar y aprender m\u00e1s sobre la rica historia y cultura de nuestra comuna, junto a la Corporaci\u00f3n Cultural de \u00d1u\u00f1oa y el Programa Revive \u00d1u\u00f1oa. S\u00e1bado 25 de Mayo Actividad Lugar Horario Detalle Taller Archivo Barrial Palacio Ossa&nbsp; (Casa de la Cultura &#8211; Ada. Irarr\u00e1zaval 4055) 11:00 a 13.00 hrs. Actividad de creaci\u00f3n art\u00edsticas sobre nuestro patrimonio. Dirigido a ni\u00f1eces, j\u00f3venes y personas mayores. Sin Inscripci\u00f3n. Taller Crea tu c\u00e1psula del tiempo Palacio Garcia &nbsp;(Avda. Irarr\u00e1zaval 4280) 11:00-12:30 Ni\u00f1as\/os de 8 a 12 a\u00f1os Inscr\u00edbete aqu\u00ed Relato Audiovisual \u201cChikillama, una mujer de las monta\u00f1as\u201d Espacio Literario &#8211; Jorge Washington 116, \u00d1u\u00f1oa 11:00 a 12:30 Abierto Recorrido&nbsp; por el Patrimonio Barrial de \u00d1u\u00f1oa Salida desde Espacio Literario &#8211; Jorge Washington 116, \u00d1u\u00f1oa 14:00 hrs. Abierto Cupos Limitados Inscr\u00edbete aqu\u00ed Cine chileno para ni\u00f1as\/os y jornada de juegos. Sala de Cine de \u00d1u\u00f1oa (Casa de la Cultura &#8211; Ada. Irarr\u00e1zaval 4055) 16:30 a 18:30 hrs. Ni\u00f1as\/os (Cupos limitados por orden de llegada) Cine Chileno Palomita Blanca (Dir. Ra\u00fal Ruiz \u2013 1973) 19.30 hrs. Adultos (Cupos limitados por orden de llegada) Domingo 26 de Mayo Actividad Lugar Horario Detalle Apertura Edificios y Visitas Guiadas -Edificio Consistorial (Avda. Irarr\u00e1zaval 3550) -Palacio Ossa (Avda. Irarr\u00e1zaval 4055) -Palacio Garc\u00eda (Avda. Irarr\u00e1zaval 4280) 10:00 a 17:00 hrs. Ven a conocer nuestro patrimonio arquitect\u00f3nico a trav\u00e9s de visitas guiadas. &nbsp;Recorrido Patrimonial Salida desde Espacio Literario Jorge Washington 116, \u00d1u\u00f1oa 13.00 hrs. Recorre nuestra comuna y conoce nuestro patrimonio m\u00e1s importante: templos, conventos, Mezquita As Salam, sitios de memoria, Instituto de Salud P\u00fabica y mucho m\u00e1s. Visita con requisitos. Inscr\u00edbete aqu\u00ed Mal\u00f3n Patrimonial Hist\u00f3rico Palacio Garc\u00eda(Avda. Irarr\u00e1zaval 4280) 16:00 a 20:00 Ven a disfrutar de esta fiesta patrimonial, con m\u00fasica, arte, juegos y comida t\u00edpica de nuestro pa\u00eds. No necesita inscripciones. Todas las actividades del D\u00eda de los Patrimonios 2024 son gratuitas. Para el Recorrido Patrimonial del domingo 26, hay requisitos para acceder a ciertos espacios. Toda la informaci\u00f3n al momento de inscribirse.<\/p>\n","protected":false},"author":1,"featured_media":8892,"parent":0,"menu_order":0,"comment_status":"closed","ping_status":"closed","template":"","meta":{"_uag_custom_page_level_css":"","footnotes":""},"class_list":["post-8894","page","type-page","status-publish","has-post-thumbnail","hentry"],"uagb_featured_image_src":{"full":["https:\/\/nunoa.cl\/nunoapatrimonial\/wp-content\/uploads\/2024\/05\/cabeceras-RRSS_YT-e1716211443353.png",5334,1564,false],"thumbnail":["https:\/\/nunoa.cl\/nunoapatrimonial\/wp-content\/uploads\/2024\/05\/cabeceras-RRSS_YT-e1716211443353-150x150.png",150,150,true],"medium":["https:\/\/nunoa.cl\/nunoapatrimonial\/wp-content\/uploads\/2024\/05\/cabeceras-RRSS_YT-e1716211443353-300x88.png",300,88,true],"medium_large":["https:\/\/nunoa.cl\/nunoapatrimonial\/wp-content\/uploads\/2024\/05\/cabeceras-RRSS_YT-e1716211443353-768x225.png",768,225,true],"large":["https:\/\/nunoa.cl\/nunoapatrimonial\/wp-content\/uploads\/2024\/05\/cabeceras-RRSS_YT-e1716211443353-1024x300.png",1024,300,true],"1536x1536":["https:\/\/nunoa.cl\/nunoapatrimonial\/wp-content\/uploads\/2024\/05\/cabeceras-RRSS_YT-e1716211443353-1536x450.png",1536,450,true],"2048x2048":["https:\/\/nunoa.cl\/nunoapatrimonial\/wp-content\/uploads\/2024\/05\/cabeceras-RRSS_YT-e1716211443353-2048x601.png",2048,601,true],"appart_350x360":["https:\/\/nunoa.cl\/nunoapatrimonial\/wp-content\/uploads\/2024\/05\/cabeceras-RRSS_YT-e1716211443353-350x360.png",350,360,true],"appart_350x400":["https:\/\/nunoa.cl\/nunoapatrimonial\/wp-content\/uploads\/2024\/05\/cabeceras-RRSS_YT-e1716211443353-350x400.png",350,400,true],"appart_80x80":["https:\/\/nunoa.cl\/nunoapatrimonial\/wp-content\/uploads\/2024\/05\/cabeceras-RRSS_YT-e1716211443353-80x80.png",80,80,true],"appart_570x340":["https:\/\/nunoa.cl\/nunoapatrimonial\/wp-content\/uploads\/2024\/05\/cabeceras-RRSS_YT-e1716211443353-570x340.png",570,340,true],"appart_100x80":["https:\/\/nunoa.cl\/nunoapatrimonial\/wp-content\/uploads\/2024\/05\/cabeceras-RRSS_YT-e1716211443353-100x80.png",100,80,true],"appart_750x400":["https:\/\/nunoa.cl\/nunoapatrimonial\/wp-content\/uploads\/2024\/05\/cabeceras-RRSS_YT-e1716211443353-750x400.png",750,400,true],"alm-thumbnail":["https:\/\/nunoa.cl\/nunoapatrimonial\/wp-content\/uploads\/2024\/05\/cabeceras-RRSS_YT-e1716211443353-150x150.png",150,150,true]},"uagb_author_info":{"display_name":"ADMIN","author_link":"https:\/\/nunoa.cl\/nunoapatrimonial\/author\/admin\/"},"uagb_comment_info":0,"uagb_excerpt":"\u00a1Celebra el D\u00eda de los Patrimonios 2024 en \u00d1u\u00f1oa! Nos complace invitar a toda la comunidad a participar en la celebraci\u00f3n del D\u00eda de los Patrimonios 2024 en \u00d1u\u00f1oa. Hemos organizado una serie de actividades especiales para que todos podamos disfrutar y aprender m\u00e1s sobre la rica historia y cultura de nuestra comuna, junto a&hellip;","_links":{"self":[{"href":"https:\/\/nunoa.cl\/nunoapatrimonial\/wp-json\/wp\/v2\/pages\/8894","targetHints":{"allow":["GET"]}}],"collection":[{"href":"https:\/\/nunoa.cl\/nunoapatrimonial\/wp-json\/wp\/v2\/pages"}],"about":[{"href":"https:\/\/nunoa.cl\/nunoapatrimonial\/wp-json\/wp\/v2\/types\/page"}],"author":[{"embeddable":true,"href":"https:\/\/nunoa.cl\/nunoapatrimonial\/wp-json\/wp\/v2\/users\/1"}],"replies":[{"embeddable":true,"href":"https:\/\/nunoa.cl\/nunoapatrimonial\/wp-json\/wp\/v2\/comments?post=8894"}],"version-history":[{"count":0,"href":"https:\/\/nunoa.cl\/nunoapatrimonial\/wp-json\/wp\/v2\/pages\/8894\/revisions"}],"wp:featuredmedia":[{"embeddable":true,"href":"https:\/\/nunoa.cl\/nunoapatrimonial\/wp-json\/wp\/v2\/media\/8892"}],"wp:attachment":[{"href":"https:\/\/nunoa.cl\/nunoapatrimonial\/wp-json\/wp\/v2\/media?parent=8894"}],"curies":[{"name":"wp","href":"https:\/\/api.w.org\/{rel}","templated":true}]}}