{"id":3463,"date":"2022-08-29T13:59:18","date_gmt":"2022-08-29T13:59:18","guid":{"rendered":"https:\/\/nunoa.cl\/nunoapatrimonial\/?page_id=3463"},"modified":"2025-01-10T11:50:38","modified_gmt":"2025-01-10T11:50:38","slug":"somos","status":"publish","type":"page","link":"https:\/\/nunoa.cl\/nunoapatrimonial\/somos\/","title":{"rendered":"Somos"},"content":{"rendered":"\t\t<div data-elementor-type=\"wp-post\" data-elementor-id=\"3463\" class=\"elementor elementor-3463\">\n\t\t\t\t\t\t<section class=\"elementor-section elementor-top-section elementor-element elementor-element-59c74ad elementor-section-boxed elementor-section-height-default elementor-section-height-default wpr-particle-no wpr-jarallax-no wpr-parallax-no wpr-sticky-section-no\" data-id=\"59c74ad\" data-element_type=\"section\" data-e-type=\"section\" data-settings=\"{&quot;background_background&quot;:&quot;classic&quot;}\">\n\t\t\t\t\t\t<div class=\"elementor-container elementor-column-gap-default\">\n\t\t\t\t\t<div class=\"elementor-column elementor-col-100 elementor-top-column elementor-element elementor-element-7f8901e elementor-invisible\" data-id=\"7f8901e\" data-element_type=\"column\" data-e-type=\"column\" data-settings=\"{&quot;background_background&quot;:&quot;classic&quot;,&quot;animation&quot;:&quot;fadeIn&quot;}\">\n\t\t\t<div class=\"elementor-widget-wrap elementor-element-populated\">\n\t\t\t\t\t\t<div class=\"elementor-element elementor-element-740c22a eael-dual-header-content-align-center elementor-widget elementor-widget-eael-dual-color-header\" data-id=\"740c22a\" data-element_type=\"widget\" data-e-type=\"widget\" data-widget_type=\"eael-dual-color-header.default\">\n\t\t\t\t<div class=\"elementor-widget-container\">\n\t\t\t\t\t\t\t\t<div class=\"eael-dual-header\">\n\t\t\t\t<h1 class=\"title eael-dch-title\"><span class=\"eael-dch-title-text eael-dch-title-lead lead solid-color\">departamento de<\/span> <span class=\"eael-dch-title-text\">patrimonio<\/span><\/h1>\t\t\t<\/div>\n\n\t\t\t\t\t\t<\/div>\n\t\t\t\t<\/div>\n\t\t\t\t\t<\/div>\n\t\t<\/div>\n\t\t\t\t\t<\/div>\n\t\t<\/section>\n\t\t<div class=\"elementor-element elementor-element-fa25da7 e-flex e-con-boxed wpr-particle-no wpr-jarallax-no wpr-parallax-no wpr-sticky-section-no e-con e-parent\" data-id=\"fa25da7\" data-element_type=\"container\" data-e-type=\"container\">\n\t\t\t\t\t<div class=\"e-con-inner\">\n\t\t<div class=\"elementor-element elementor-element-2fa3ca1 e-con-full e-flex wpr-particle-no wpr-jarallax-no wpr-parallax-no wpr-sticky-section-no e-con e-child\" data-id=\"2fa3ca1\" data-element_type=\"container\" data-e-type=\"container\">\n\t\t\t\t<div class=\"elementor-element elementor-element-04756d9 elementor-widget elementor-widget-text-editor\" data-id=\"04756d9\" data-element_type=\"widget\" data-e-type=\"widget\" data-widget_type=\"text-editor.default\">\n\t\t\t\t<div class=\"elementor-widget-container\">\n\t\t\t\t\t\t\t\t\t<h4>El Departamento de Patrimonio,\u00a0 perteneciente a la Direcci\u00f3n de Desarrollo Comunitario de la Ilustre Municipalidad de \u00d1u\u00f1oa, tiene por objetivo central estudiar, documentar, rescatar, conservar, difundir y apoyar la gesti\u00f3n del patrimonio\u00a0 comunal de \u00d1u\u00f1oa, procurando la gesti\u00f3n de proyectos y la participaci\u00f3n de los vecinos, velando por el bien com\u00fan, el respeto e identidad cultural de la comuna, as\u00ed como gestionar y desarrollar el \u00e1mbito patrimonial, hist\u00f3rico y de memoria que existe en nuestras comunidades y territorios.<\/h4>\t\t\t\t\t\t\t\t<\/div>\n\t\t\t\t<\/div>\n\t\t\t\t<\/div>\n\t\t<div class=\"elementor-element elementor-element-3f847ce e-con-full e-flex wpr-particle-no wpr-jarallax-no wpr-parallax-no wpr-sticky-section-no e-con e-child\" data-id=\"3f847ce\" data-element_type=\"container\" data-e-type=\"container\" data-settings=\"{&quot;background_background&quot;:&quot;classic&quot;}\">\n\t\t\t\t<\/div>\n\t\t\t\t\t<\/div>\n\t\t\t\t<\/div>\n\t\t\t\t<section class=\"elementor-section elementor-top-section elementor-element elementor-element-5c8c9a3 elementor-section-boxed elementor-section-height-default elementor-section-height-default wpr-particle-no wpr-jarallax-no wpr-parallax-no wpr-sticky-section-no\" data-id=\"5c8c9a3\" data-element_type=\"section\" data-e-type=\"section\" data-settings=\"{&quot;background_background&quot;:&quot;classic&quot;}\">\n\t\t\t\t\t\t<div class=\"elementor-container elementor-column-gap-default\">\n\t\t\t\t\t<div class=\"elementor-column elementor-col-100 elementor-top-column elementor-element elementor-element-69731cd9 elementor-invisible\" data-id=\"69731cd9\" data-element_type=\"column\" data-e-type=\"column\" data-settings=\"{&quot;background_background&quot;:&quot;classic&quot;,&quot;animation&quot;:&quot;fadeIn&quot;}\">\n\t\t\t<div class=\"elementor-widget-wrap elementor-element-populated\">\n\t\t\t\t\t\t<div class=\"elementor-element elementor-element-2df1b5c1 eael-dual-header-content-align-center elementor-widget elementor-widget-eael-dual-color-header\" data-id=\"2df1b5c1\" data-element_type=\"widget\" data-e-type=\"widget\" data-widget_type=\"eael-dual-color-header.default\">\n\t\t\t\t<div class=\"elementor-widget-container\">\n\t\t\t\t\t\t\t\t<div class=\"eael-dual-header\">\n\t\t\t\t<h1 class=\"title eael-dch-title\"><span class=\"eael-dch-title-text eael-dch-title-lead lead solid-color\">ACTIVIDADES<\/span> <span class=\"eael-dch-title-text\">Y TALLERES<\/span><\/h1>\t\t\t\t\t<span class=\"subtext\"><p>Conoces nuestras diferentes actividades, charlas, talleres, recorridos y asesor\u00eda t\u00e9cnica.<\/p><\/span>\n\t\t\t\t\t\t\t<\/div>\n\n\t\t\t\t\t\t<\/div>\n\t\t\t\t<\/div>\n\t\t\t\t\t<\/div>\n\t\t<\/div>\n\t\t\t\t\t<\/div>\n\t\t<\/section>\n\t\t\t\t<section class=\"elementor-section elementor-top-section elementor-element elementor-element-422ce2a elementor-section-boxed elementor-section-height-default elementor-section-height-default wpr-particle-no wpr-jarallax-no wpr-parallax-no wpr-sticky-section-no elementor-invisible\" data-id=\"422ce2a\" data-element_type=\"section\" data-e-type=\"section\" data-settings=\"{&quot;animation&quot;:&quot;fadeInUp&quot;}\">\n\t\t\t\t\t\t<div class=\"elementor-container elementor-column-gap-default\">\n\t\t\t\t\t<div class=\"elementor-column elementor-col-33 elementor-top-column elementor-element elementor-element-ab4c085\" data-id=\"ab4c085\" data-element_type=\"column\" data-e-type=\"column\">\n\t\t\t<div class=\"elementor-widget-wrap elementor-element-populated\">\n\t\t\t\t\t\t<div class=\"elementor-element elementor-element-4ea333e elementor-widget elementor-widget-spacer\" data-id=\"4ea333e\" data-element_type=\"widget\" data-e-type=\"widget\" data-widget_type=\"spacer.default\">\n\t\t\t\t<div class=\"elementor-widget-container\">\n\t\t\t\t\t\t\t<div class=\"elementor-spacer\">\n\t\t\t<div class=\"elementor-spacer-inner\"><\/div>\n\t\t<\/div>\n\t\t\t\t\t\t<\/div>\n\t\t\t\t<\/div>\n\t\t\t\t<div class=\"elementor-element elementor-element-2094279 elementor-view-stacked elementor-shape-circle elementor-position-block-start elementor-mobile-position-block-start elementor-widget elementor-widget-icon-box\" data-id=\"2094279\" data-element_type=\"widget\" data-e-type=\"widget\" data-widget_type=\"icon-box.default\">\n\t\t\t\t<div class=\"elementor-widget-container\">\n\t\t\t\t\t\t\t<div class=\"elementor-icon-box-wrapper\">\n\n\t\t\t\t\t\t<div class=\"elementor-icon-box-icon\">\n\t\t\t\t<a href=\"https:\/\/nunoa.cl\/nunoapatrimonial\/charlas\/\" class=\"elementor-icon\" tabindex=\"-1\" aria-label=\"Charlas\">\n\t\t\t\t<i aria-hidden=\"true\" class=\"fas fa-volume-up\"><\/i>\t\t\t\t<\/a>\n\t\t\t<\/div>\n\t\t\t\n\t\t\t\t\t\t<div class=\"elementor-icon-box-content\">\n\n\t\t\t\t\t\t\t\t\t<h3 class=\"elementor-icon-box-title\">\n\t\t\t\t\t\t<a href=\"https:\/\/nunoa.cl\/nunoapatrimonial\/charlas\/\" >\n\t\t\t\t\t\t\tCharlas\t\t\t\t\t\t<\/a>\n\t\t\t\t\t<\/h3>\n\t\t\t\t\n\t\t\t\t\n\t\t\t<\/div>\n\t\t\t\n\t\t<\/div>\n\t\t\t\t\t\t<\/div>\n\t\t\t\t<\/div>\n\t\t\t\t\t<\/div>\n\t\t<\/div>\n\t\t\t\t<div class=\"elementor-column elementor-col-33 elementor-top-column elementor-element elementor-element-b02dbc7\" data-id=\"b02dbc7\" data-element_type=\"column\" data-e-type=\"column\">\n\t\t\t<div class=\"elementor-widget-wrap elementor-element-populated\">\n\t\t\t\t\t\t<div class=\"elementor-element elementor-element-d6b15b0 elementor-widget elementor-widget-spacer\" data-id=\"d6b15b0\" data-element_type=\"widget\" data-e-type=\"widget\" data-widget_type=\"spacer.default\">\n\t\t\t\t<div class=\"elementor-widget-container\">\n\t\t\t\t\t\t\t<div class=\"elementor-spacer\">\n\t\t\t<div class=\"elementor-spacer-inner\"><\/div>\n\t\t<\/div>\n\t\t\t\t\t\t<\/div>\n\t\t\t\t<\/div>\n\t\t\t\t<div class=\"elementor-element elementor-element-d2af6e8 elementor-view-stacked elementor-shape-circle elementor-position-block-start elementor-mobile-position-block-start elementor-widget elementor-widget-icon-box\" data-id=\"d2af6e8\" data-element_type=\"widget\" data-e-type=\"widget\" data-widget_type=\"icon-box.default\">\n\t\t\t\t<div class=\"elementor-widget-container\">\n\t\t\t\t\t\t\t<div class=\"elementor-icon-box-wrapper\">\n\n\t\t\t\t\t\t<div class=\"elementor-icon-box-icon\">\n\t\t\t\t<a href=\"https:\/\/nunoa.cl\/nunoapatrimonial\/recorridos-y-salidas\/\" class=\"elementor-icon\" tabindex=\"-1\" aria-label=\"Recorridos y Salidas \">\n\t\t\t\t<i aria-hidden=\"true\" class=\"fas fa-walking\"><\/i>\t\t\t\t<\/a>\n\t\t\t<\/div>\n\t\t\t\n\t\t\t\t\t\t<div class=\"elementor-icon-box-content\">\n\n\t\t\t\t\t\t\t\t\t<h3 class=\"elementor-icon-box-title\">\n\t\t\t\t\t\t<a href=\"https:\/\/nunoa.cl\/nunoapatrimonial\/recorridos-y-salidas\/\" >\n\t\t\t\t\t\t\tRecorridos y Salidas \t\t\t\t\t\t<\/a>\n\t\t\t\t\t<\/h3>\n\t\t\t\t\n\t\t\t\t\n\t\t\t<\/div>\n\t\t\t\n\t\t<\/div>\n\t\t\t\t\t\t<\/div>\n\t\t\t\t<\/div>\n\t\t\t\t\t<\/div>\n\t\t<\/div>\n\t\t\t\t<div class=\"elementor-column elementor-col-33 elementor-top-column elementor-element elementor-element-0e2cd74\" data-id=\"0e2cd74\" data-element_type=\"column\" data-e-type=\"column\">\n\t\t\t<div class=\"elementor-widget-wrap elementor-element-populated\">\n\t\t\t\t\t\t<div class=\"elementor-element elementor-element-f60f745 elementor-widget elementor-widget-spacer\" data-id=\"f60f745\" data-element_type=\"widget\" data-e-type=\"widget\" data-widget_type=\"spacer.default\">\n\t\t\t\t<div class=\"elementor-widget-container\">\n\t\t\t\t\t\t\t<div class=\"elementor-spacer\">\n\t\t\t<div class=\"elementor-spacer-inner\"><\/div>\n\t\t<\/div>\n\t\t\t\t\t\t<\/div>\n\t\t\t\t<\/div>\n\t\t\t\t<div class=\"elementor-element elementor-element-5d10d9a elementor-view-stacked elementor-shape-circle elementor-position-block-start elementor-mobile-position-block-start elementor-widget elementor-widget-icon-box\" data-id=\"5d10d9a\" data-element_type=\"widget\" data-e-type=\"widget\" data-widget_type=\"icon-box.default\">\n\t\t\t\t<div class=\"elementor-widget-container\">\n\t\t\t\t\t\t\t<div class=\"elementor-icon-box-wrapper\">\n\n\t\t\t\t\t\t<div class=\"elementor-icon-box-icon\">\n\t\t\t\t<a href=\"https:\/\/nunoa.cl\/nunoapatrimonial\/visitas-tecnicas\/\" class=\"elementor-icon\" tabindex=\"-1\" aria-label=\"Visitas T\u00e9cnicas\">\n\t\t\t\t<i aria-hidden=\"true\" class=\"far fa-address-card\"><\/i>\t\t\t\t<\/a>\n\t\t\t<\/div>\n\t\t\t\n\t\t\t\t\t\t<div class=\"elementor-icon-box-content\">\n\n\t\t\t\t\t\t\t\t\t<h3 class=\"elementor-icon-box-title\">\n\t\t\t\t\t\t<a href=\"https:\/\/nunoa.cl\/nunoapatrimonial\/visitas-tecnicas\/\" >\n\t\t\t\t\t\t\tVisitas T\u00e9cnicas\t\t\t\t\t\t<\/a>\n\t\t\t\t\t<\/h3>\n\t\t\t\t\n\t\t\t\t\n\t\t\t<\/div>\n\t\t\t\n\t\t<\/div>\n\t\t\t\t\t\t<\/div>\n\t\t\t\t<\/div>\n\t\t\t\t\t<\/div>\n\t\t<\/div>\n\t\t\t\t\t<\/div>\n\t\t<\/section>\n\t\t\t\t<section class=\"elementor-section elementor-top-section elementor-element elementor-element-630a1b5 elementor-section-boxed elementor-section-height-default elementor-section-height-default wpr-particle-no wpr-jarallax-no wpr-parallax-no wpr-sticky-section-no\" data-id=\"630a1b5\" data-element_type=\"section\" data-e-type=\"section\" data-settings=\"{&quot;background_background&quot;:&quot;classic&quot;}\">\n\t\t\t\t\t\t<div class=\"elementor-container elementor-column-gap-default\">\n\t\t\t\t\t<div class=\"elementor-column elementor-col-100 elementor-top-column elementor-element elementor-element-eec5f83\" data-id=\"eec5f83\" data-element_type=\"column\" data-e-type=\"column\">\n\t\t\t<div class=\"elementor-widget-wrap elementor-element-populated\">\n\t\t\t\t\t\t<div class=\"elementor-element elementor-element-27724fa eael-dual-header-content-align-center elementor-widget elementor-widget-eael-dual-color-header\" data-id=\"27724fa\" data-element_type=\"widget\" data-e-type=\"widget\" data-widget_type=\"eael-dual-color-header.default\">\n\t\t\t\t<div class=\"elementor-widget-container\">\n\t\t\t\t\t\t\t\t<div class=\"eael-dual-header\">\n\t\t\t\t<h3 class=\"title eael-dch-title\"><span class=\"eael-dch-title-text eael-dch-title-lead lead solid-color\">LINKS<\/span> <span class=\"eael-dch-title-text\">DE INTER\u00c9S<\/span><\/h3>\t\t\t<\/div>\n\n\t\t\t\t\t\t<\/div>\n\t\t\t\t<\/div>\n\t\t\t\t\t<\/div>\n\t\t<\/div>\n\t\t\t\t\t<\/div>\n\t\t<\/section>\n\t\t\t\t<section class=\"elementor-section elementor-top-section elementor-element elementor-element-ba62e1a elementor-section-boxed elementor-section-height-default elementor-section-height-default wpr-particle-no wpr-jarallax-no wpr-parallax-no wpr-sticky-section-no\" data-id=\"ba62e1a\" data-element_type=\"section\" data-e-type=\"section\" data-settings=\"{&quot;background_background&quot;:&quot;classic&quot;}\">\n\t\t\t\t\t\t<div class=\"elementor-container elementor-column-gap-default\">\n\t\t\t\t\t<div class=\"elementor-column elementor-col-33 elementor-top-column elementor-element elementor-element-0e93b65\" data-id=\"0e93b65\" data-element_type=\"column\" data-e-type=\"column\">\n\t\t\t<div class=\"elementor-widget-wrap elementor-element-populated\">\n\t\t\t\t\t\t<div class=\"elementor-element elementor-element-d0bd925 elementor-widget elementor-widget-image\" data-id=\"d0bd925\" data-element_type=\"widget\" data-e-type=\"widget\" data-widget_type=\"image.default\">\n\t\t\t\t<div class=\"elementor-widget-container\">\n\t\t\t\t\t\t\t\t\t\t\t\t\t\t\t\t<a href=\"https:\/\/www.nunoa.cl\/\">\n\t\t\t\t\t\t\t<img decoding=\"async\" width=\"300\" height=\"122\" src=\"https:\/\/nunoa.cl\/nunoapatrimonial\/wp-content\/uploads\/2022\/08\/LOGO-1-300x122.png\" class=\"attachment-medium size-medium wp-image-1080\" alt=\"\" srcset=\"https:\/\/nunoa.cl\/nunoapatrimonial\/wp-content\/uploads\/2022\/08\/LOGO-1-300x122.png 300w, https:\/\/nunoa.cl\/nunoapatrimonial\/wp-content\/uploads\/2022\/08\/LOGO-1-1024x416.png 1024w, https:\/\/nunoa.cl\/nunoapatrimonial\/wp-content\/uploads\/2022\/08\/LOGO-1-768x312.png 768w, https:\/\/nunoa.cl\/nunoapatrimonial\/wp-content\/uploads\/2022\/08\/LOGO-1-1536x625.png 1536w, https:\/\/nunoa.cl\/nunoapatrimonial\/wp-content\/uploads\/2022\/08\/LOGO-1-2048x833.png 2048w, https:\/\/nunoa.cl\/nunoapatrimonial\/wp-content\/uploads\/2022\/08\/LOGO-1-600x244.png 600w, https:\/\/nunoa.cl\/nunoapatrimonial\/wp-content\/uploads\/2022\/08\/LOGO-1.png 2243w\" sizes=\"(max-width: 300px) 100vw, 300px\" \/>\t\t\t\t\t\t\t\t<\/a>\n\t\t\t\t\t\t\t\t\t\t\t\t\t\t\t<\/div>\n\t\t\t\t<\/div>\n\t\t\t\t\t<\/div>\n\t\t<\/div>\n\t\t\t\t<div class=\"elementor-column elementor-col-33 elementor-top-column elementor-element elementor-element-83b2b46\" data-id=\"83b2b46\" data-element_type=\"column\" data-e-type=\"column\">\n\t\t\t<div class=\"elementor-widget-wrap elementor-element-populated\">\n\t\t\t\t\t\t<div class=\"elementor-element elementor-element-8def44c elementor-widget elementor-widget-image\" data-id=\"8def44c\" data-element_type=\"widget\" data-e-type=\"widget\" data-widget_type=\"image.default\">\n\t\t\t\t<div class=\"elementor-widget-container\">\n\t\t\t\t\t\t\t\t\t\t\t\t\t\t\t\t<a href=\"https:\/\/www.ccn.cl\/\">\n\t\t\t\t\t\t\t<img decoding=\"async\" width=\"300\" height=\"122\" src=\"https:\/\/nunoa.cl\/nunoapatrimonial\/wp-content\/uploads\/2022\/08\/ccn-300x122.png\" class=\"attachment-medium size-medium wp-image-1079\" alt=\"\" srcset=\"https:\/\/nunoa.cl\/nunoapatrimonial\/wp-content\/uploads\/2022\/08\/ccn-300x122.png 300w, https:\/\/nunoa.cl\/nunoapatrimonial\/wp-content\/uploads\/2022\/08\/ccn-1024x416.png 1024w, https:\/\/nunoa.cl\/nunoapatrimonial\/wp-content\/uploads\/2022\/08\/ccn-768x312.png 768w, https:\/\/nunoa.cl\/nunoapatrimonial\/wp-content\/uploads\/2022\/08\/ccn-1536x625.png 1536w, https:\/\/nunoa.cl\/nunoapatrimonial\/wp-content\/uploads\/2022\/08\/ccn-2048x833.png 2048w, https:\/\/nunoa.cl\/nunoapatrimonial\/wp-content\/uploads\/2022\/08\/ccn-600x244.png 600w, https:\/\/nunoa.cl\/nunoapatrimonial\/wp-content\/uploads\/2022\/08\/ccn.png 2243w\" sizes=\"(max-width: 300px) 100vw, 300px\" \/>\t\t\t\t\t\t\t\t<\/a>\n\t\t\t\t\t\t\t\t\t\t\t\t\t\t\t<\/div>\n\t\t\t\t<\/div>\n\t\t\t\t\t<\/div>\n\t\t<\/div>\n\t\t\t\t<div class=\"elementor-column elementor-col-33 elementor-top-column elementor-element elementor-element-668e27d\" data-id=\"668e27d\" data-element_type=\"column\" data-e-type=\"column\">\n\t\t\t<div class=\"elementor-widget-wrap elementor-element-populated\">\n\t\t\t\t\t\t<div class=\"elementor-element elementor-element-f062280 elementor-widget elementor-widget-image\" data-id=\"f062280\" data-element_type=\"widget\" data-e-type=\"widget\" data-widget_type=\"image.default\">\n\t\t\t\t<div class=\"elementor-widget-container\">\n\t\t\t\t\t\t\t\t\t\t\t\t\t\t\t\t<a href=\"https:\/\/nunoa.cl\/nunoapanorama\/\">\n\t\t\t\t\t\t\t<img decoding=\"async\" width=\"300\" height=\"122\" src=\"https:\/\/nunoa.cl\/nunoapatrimonial\/wp-content\/uploads\/2022\/08\/LOGO-1-2-300x122.png\" class=\"attachment-medium size-medium wp-image-1090\" alt=\"\" srcset=\"https:\/\/nunoa.cl\/nunoapatrimonial\/wp-content\/uploads\/2022\/08\/LOGO-1-2-300x122.png 300w, https:\/\/nunoa.cl\/nunoapatrimonial\/wp-content\/uploads\/2022\/08\/LOGO-1-2-1024x416.png 1024w, https:\/\/nunoa.cl\/nunoapatrimonial\/wp-content\/uploads\/2022\/08\/LOGO-1-2-768x312.png 768w, https:\/\/nunoa.cl\/nunoapatrimonial\/wp-content\/uploads\/2022\/08\/LOGO-1-2-1536x625.png 1536w, https:\/\/nunoa.cl\/nunoapatrimonial\/wp-content\/uploads\/2022\/08\/LOGO-1-2-2048x833.png 2048w, https:\/\/nunoa.cl\/nunoapatrimonial\/wp-content\/uploads\/2022\/08\/LOGO-1-2-600x244.png 600w, https:\/\/nunoa.cl\/nunoapatrimonial\/wp-content\/uploads\/2022\/08\/LOGO-1-2.png 2243w\" sizes=\"(max-width: 300px) 100vw, 300px\" \/>\t\t\t\t\t\t\t\t<\/a>\n\t\t\t\t\t\t\t\t\t\t\t\t\t\t\t<\/div>\n\t\t\t\t<\/div>\n\t\t\t\t\t<\/div>\n\t\t<\/div>\n\t\t\t\t\t<\/div>\n\t\t<\/section>\n\t\t\t\t<\/div>\n\t\t","protected":false},"excerpt":{"rendered":"<p>departamento de patrimonio El Departamento de Patrimonio,\u00a0 perteneciente a la Direcci\u00f3n de Desarrollo Comunitario de la Ilustre Municipalidad de \u00d1u\u00f1oa, tiene por objetivo central estudiar, documentar, rescatar, conservar, difundir y apoyar la gesti\u00f3n del patrimonio\u00a0 comunal de \u00d1u\u00f1oa, procurando la gesti\u00f3n de proyectos y la participaci\u00f3n de los vecinos, velando por el bien com\u00fan, el respeto e identidad cultural de la comuna, as\u00ed como gestionar y desarrollar el \u00e1mbito patrimonial, hist\u00f3rico y de memoria que existe en nuestras comunidades y territorios. ACTIVIDADES Y TALLERES Conoces nuestras diferentes actividades, charlas, talleres, recorridos y asesor\u00eda t\u00e9cnica. Charlas Recorridos y Salidas Visitas T\u00e9cnicas LINKS DE INTER\u00c9S<\/p>\n","protected":false},"author":1,"featured_media":0,"parent":0,"menu_order":0,"comment_status":"closed","ping_status":"closed","template":"","meta":{"_uag_custom_page_level_css":"","footnotes":""},"class_list":["post-3463","page","type-page","status-publish","hentry","no-post-thumbnail"],"uagb_featured_image_src":{"full":false,"thumbnail":false,"medium":false,"medium_large":false,"large":false,"1536x1536":false,"2048x2048":false,"appart_350x360":false,"appart_350x400":false,"appart_80x80":false,"appart_570x340":false,"appart_100x80":false,"appart_750x400":false,"alm-thumbnail":false},"uagb_author_info":{"display_name":"ADMIN","author_link":"https:\/\/nunoa.cl\/nunoapatrimonial\/author\/admin\/"},"uagb_comment_info":0,"uagb_excerpt":"departamento de patrimonio El Departamento de Patrimonio,\u00a0 perteneciente a la Direcci\u00f3n de Desarrollo Comunitario de la Ilustre Municipalidad de \u00d1u\u00f1oa, tiene por objetivo central estudiar, documentar, rescatar, conservar, difundir y apoyar la gesti\u00f3n del patrimonio\u00a0 comunal de \u00d1u\u00f1oa, procurando la gesti\u00f3n de proyectos y la participaci\u00f3n de los vecinos, velando por el bien com\u00fan, el&hellip;","_links":{"self":[{"href":"https:\/\/nunoa.cl\/nunoapatrimonial\/wp-json\/wp\/v2\/pages\/3463","targetHints":{"allow":["GET"]}}],"collection":[{"href":"https:\/\/nunoa.cl\/nunoapatrimonial\/wp-json\/wp\/v2\/pages"}],"about":[{"href":"https:\/\/nunoa.cl\/nunoapatrimonial\/wp-json\/wp\/v2\/types\/page"}],"author":[{"embeddable":true,"href":"https:\/\/nunoa.cl\/nunoapatrimonial\/wp-json\/wp\/v2\/users\/1"}],"replies":[{"embeddable":true,"href":"https:\/\/nunoa.cl\/nunoapatrimonial\/wp-json\/wp\/v2\/comments?post=3463"}],"version-history":[{"count":6,"href":"https:\/\/nunoa.cl\/nunoapatrimonial\/wp-json\/wp\/v2\/pages\/3463\/revisions"}],"predecessor-version":[{"id":9644,"href":"https:\/\/nunoa.cl\/nunoapatrimonial\/wp-json\/wp\/v2\/pages\/3463\/revisions\/9644"}],"wp:attachment":[{"href":"https:\/\/nunoa.cl\/nunoapatrimonial\/wp-json\/wp\/v2\/media?parent=3463"}],"curies":[{"name":"wp","href":"https:\/\/api.w.org\/{rel}","templated":true}]}}