{"id":1241,"date":"2022-08-01T17:46:40","date_gmt":"2022-08-01T17:46:40","guid":{"rendered":"https:\/\/nunoa.cl\/nunoapatrimonial\/?page_id=1241"},"modified":"2023-01-27T19:24:23","modified_gmt":"2023-01-27T19:24:23","slug":"ruta_de_memoria","status":"publish","type":"page","link":"https:\/\/nunoa.cl\/nunoapatrimonial\/ruta_de_memoria\/","title":{"rendered":"Ruta de memoria"},"content":{"rendered":"\t\t<div data-elementor-type=\"wp-post\" data-elementor-id=\"1241\" class=\"elementor elementor-1241\">\n\t\t\t\t\t\t<section class=\"elementor-section elementor-top-section elementor-element elementor-element-32391260 elementor-section-boxed elementor-section-height-default elementor-section-height-default wpr-particle-no wpr-jarallax-no wpr-parallax-no wpr-sticky-section-no\" data-id=\"32391260\" data-element_type=\"section\" data-e-type=\"section\">\n\t\t\t\t\t\t<div class=\"elementor-container elementor-column-gap-default\">\n\t\t\t\t\t<div class=\"elementor-column elementor-col-100 elementor-top-column elementor-element elementor-element-bb83d6e\" data-id=\"bb83d6e\" data-element_type=\"column\" data-e-type=\"column\">\n\t\t\t<div class=\"elementor-widget-wrap elementor-element-populated\">\n\t\t\t\t\t\t<div class=\"elementor-element elementor-element-a60811c elementor-widget elementor-widget-menu-anchor\" data-id=\"a60811c\" data-element_type=\"widget\" data-e-type=\"widget\" data-widget_type=\"menu-anchor.default\">\n\t\t\t\t<div class=\"elementor-widget-container\">\n\t\t\t\t\t\t\t<div class=\"elementor-menu-anchor\" id=\"memoriaDDHH\"><\/div>\n\t\t\t\t\t\t<\/div>\n\t\t\t\t<\/div>\n\t\t\t\t\t<\/div>\n\t\t<\/div>\n\t\t\t\t\t<\/div>\n\t\t<\/section>\n\t\t\t\t<section class=\"elementor-section elementor-top-section elementor-element elementor-element-a066e96 elementor-section-boxed elementor-section-height-default elementor-section-height-default wpr-particle-no wpr-jarallax-no wpr-parallax-no wpr-sticky-section-no\" data-id=\"a066e96\" data-element_type=\"section\" data-e-type=\"section\" id=\"01\" data-settings=\"{&quot;background_background&quot;:&quot;classic&quot;}\">\n\t\t\t\t\t\t<div class=\"elementor-container elementor-column-gap-default\">\n\t\t\t\t\t<div class=\"elementor-column elementor-col-100 elementor-top-column elementor-element elementor-element-3ba63ba\" data-id=\"3ba63ba\" data-element_type=\"column\" data-e-type=\"column\" data-settings=\"{&quot;background_background&quot;:&quot;classic&quot;}\">\n\t\t\t<div class=\"elementor-widget-wrap elementor-element-populated\">\n\t\t\t\t\t\t<div class=\"elementor-element elementor-element-cb7d7d7 elementor-widget elementor-widget-spacer\" data-id=\"cb7d7d7\" data-element_type=\"widget\" data-e-type=\"widget\" data-widget_type=\"spacer.default\">\n\t\t\t\t<div class=\"elementor-widget-container\">\n\t\t\t\t\t\t\t<div class=\"elementor-spacer\">\n\t\t\t<div class=\"elementor-spacer-inner\"><\/div>\n\t\t<\/div>\n\t\t\t\t\t\t<\/div>\n\t\t\t\t<\/div>\n\t\t\t\t\t<\/div>\n\t\t<\/div>\n\t\t\t\t\t<\/div>\n\t\t<\/section>\n\t\t\t\t<section class=\"elementor-section elementor-top-section elementor-element elementor-element-95370c7 elementor-section-boxed elementor-section-height-default elementor-section-height-default wpr-particle-no wpr-jarallax-no wpr-parallax-no wpr-sticky-section-no\" data-id=\"95370c7\" data-element_type=\"section\" data-e-type=\"section\">\n\t\t\t\t\t\t<div class=\"elementor-container elementor-column-gap-default\">\n\t\t\t\t\t<div class=\"elementor-column elementor-col-100 elementor-top-column elementor-element elementor-element-e03d77d\" data-id=\"e03d77d\" data-element_type=\"column\" data-e-type=\"column\">\n\t\t\t<div class=\"elementor-widget-wrap elementor-element-populated\">\n\t\t\t\t\t\t<div class=\"elementor-element elementor-element-22b97e7 elementor-widget elementor-widget-text-editor\" data-id=\"22b97e7\" data-element_type=\"widget\" data-e-type=\"widget\" data-widget_type=\"text-editor.default\">\n\t\t\t\t<div class=\"elementor-widget-container\">\n\t\t\t\t\t\t\t\t\t<h1><strong><b style=\"color: #602baf;\">RUTA DE <span style=\"color: #808080;\">LA MEMORIA<\/span><\/b><\/strong><\/h1><p>\u00a0<\/p>\t\t\t\t\t\t\t\t<\/div>\n\t\t\t\t<\/div>\n\t\t\t\t\t<\/div>\n\t\t<\/div>\n\t\t\t\t\t<\/div>\n\t\t<\/section>\n\t\t\t\t<section class=\"elementor-section elementor-top-section elementor-element elementor-element-76d6604 elementor-section-boxed elementor-section-height-default elementor-section-height-default wpr-particle-no wpr-jarallax-no wpr-parallax-no wpr-sticky-section-no\" data-id=\"76d6604\" data-element_type=\"section\" data-e-type=\"section\">\n\t\t\t\t\t\t<div class=\"elementor-container elementor-column-gap-extended\">\n\t\t\t\t\t<div class=\"elementor-column elementor-col-50 elementor-top-column elementor-element elementor-element-dea3272\" data-id=\"dea3272\" data-element_type=\"column\" data-e-type=\"column\">\n\t\t\t<div class=\"elementor-widget-wrap elementor-element-populated\">\n\t\t\t\t\t\t<div class=\"elementor-element elementor-element-59c867e elementor-widget elementor-widget-text-editor\" data-id=\"59c867e\" data-element_type=\"widget\" data-e-type=\"widget\" data-widget_type=\"text-editor.default\">\n\t\t\t\t<div class=\"elementor-widget-container\">\n\t\t\t\t\t\t\t\t\t<p align=\"justify\">Cada 24 de marzo se conmemora el D\u00eda Internacional del Derecho a la Verdad en relaci\u00f3n con Violaciones Graves de los Derechos Humanos y de la Dignidad de las V\u00edctimas, establecido por la ONU en la Sesi\u00f3n Plena del 21 de diciembre de 2010.\u00a0 Con dicho D\u00eda Internacional se rinde homenaje cada a\u00f1o a la memoria de\u00a0<strong>Monse\u00f1or \u00d3scar Arnulfo Romero<\/strong>, asesinado el 24 de marzo de 1980. Monse\u00f1or Romero denunci\u00f3 activamente las violaciones de los derechos humanos de las personas m\u00e1s vulnerables de El Salvador.<\/p>\t\t\t\t\t\t\t\t<\/div>\n\t\t\t\t<\/div>\n\t\t\t\t<div class=\"elementor-element elementor-element-da95df5 elementor-widget elementor-widget-text-editor\" data-id=\"da95df5\" data-element_type=\"widget\" data-e-type=\"widget\" data-widget_type=\"text-editor.default\">\n\t\t\t\t<div class=\"elementor-widget-container\">\n\t\t\t\t\t\t\t\t\t<p>Las violaciones a los DDHH tienen como complejidad el conocer las diversas verdades que circulan, pero que son parte de la\u00a0<strong>Historia<\/strong>\u00a0y la\u00a0<strong>Memoria<\/strong>. Por verdades nos referimos a una verdad hist\u00f3rica, jur\u00eddica, medi\u00e1tica, de memoria, etc. Especialmente interesante es el debate sobre la memoria de los hechos traum\u00e1ticos de la historia reciente de nuestro pa\u00eds. La transmisi\u00f3n de esos conocimientos, sobre todo a nivel educativo, plantea interrogantes sobre las relaciones existentes entre memoria e historia, inter\u00e9s por el rescate y recuperaci\u00f3n de espacios de trauma.\u00a0<\/p>\t\t\t\t\t\t\t\t<\/div>\n\t\t\t\t<\/div>\n\t\t\t\t<div class=\"elementor-element elementor-element-b86b082 elementor-widget elementor-widget-text-editor\" data-id=\"b86b082\" data-element_type=\"widget\" data-e-type=\"widget\" data-widget_type=\"text-editor.default\">\n\t\t\t\t<div class=\"elementor-widget-container\">\n\t\t\t\t\t\t\t\t\t<p>El conocimiento sobre estas verdades y el valor de la memoria, ayudados por el conocimiento profundo, permitir\u00e1 tener una visi\u00f3n m\u00e1s aut\u00e9ntica, precisa y verdadera.<\/p>\t\t\t\t\t\t\t\t<\/div>\n\t\t\t\t<\/div>\n\t\t\t\t\t<\/div>\n\t\t<\/div>\n\t\t\t\t<div class=\"elementor-column elementor-col-50 elementor-top-column elementor-element elementor-element-9812deb\" data-id=\"9812deb\" data-element_type=\"column\" data-e-type=\"column\" data-settings=\"{&quot;background_background&quot;:&quot;classic&quot;}\">\n\t\t\t<div class=\"elementor-widget-wrap elementor-element-populated\">\n\t\t\t\t\t\t<div class=\"elementor-element elementor-element-9eea589 elementor-widget elementor-widget-image\" data-id=\"9eea589\" data-element_type=\"widget\" data-e-type=\"widget\" data-widget_type=\"image.default\">\n\t\t\t\t<div class=\"elementor-widget-container\">\n\t\t\t\t\t\t\t\t\t\t\t\t\t\t\t<img fetchpriority=\"high\" decoding=\"async\" width=\"1676\" height=\"1241\" src=\"https:\/\/nunoa.cl\/nunoapatrimonial\/wp-content\/uploads\/2023\/01\/Twitter-scaled-1-e1674847092575.jpg\" class=\"attachment-full size-full wp-image-7635\" alt=\"\" srcset=\"https:\/\/nunoa.cl\/nunoapatrimonial\/wp-content\/uploads\/2023\/01\/Twitter-scaled-1-e1674847092575.jpg 1676w, https:\/\/nunoa.cl\/nunoapatrimonial\/wp-content\/uploads\/2023\/01\/Twitter-scaled-1-e1674847092575-300x222.jpg 300w, https:\/\/nunoa.cl\/nunoapatrimonial\/wp-content\/uploads\/2023\/01\/Twitter-scaled-1-e1674847092575-1024x758.jpg 1024w, https:\/\/nunoa.cl\/nunoapatrimonial\/wp-content\/uploads\/2023\/01\/Twitter-scaled-1-e1674847092575-768x569.jpg 768w, https:\/\/nunoa.cl\/nunoapatrimonial\/wp-content\/uploads\/2023\/01\/Twitter-scaled-1-e1674847092575-1536x1137.jpg 1536w\" sizes=\"(max-width: 1676px) 100vw, 1676px\" \/>\t\t\t\t\t\t\t\t\t\t\t\t\t\t\t<\/div>\n\t\t\t\t<\/div>\n\t\t\t\t\t<\/div>\n\t\t<\/div>\n\t\t\t\t\t<\/div>\n\t\t<\/section>\n\t\t\t\t<section class=\"elementor-section elementor-top-section elementor-element elementor-element-add97a8 elementor-reverse-mobile elementor-section-boxed elementor-section-height-default elementor-section-height-default wpr-particle-no wpr-jarallax-no wpr-parallax-no wpr-sticky-section-no\" data-id=\"add97a8\" data-element_type=\"section\" data-e-type=\"section\">\n\t\t\t\t\t\t<div class=\"elementor-container elementor-column-gap-extended\">\n\t\t\t\t\t<div class=\"elementor-column elementor-col-50 elementor-top-column elementor-element elementor-element-242d4db\" data-id=\"242d4db\" data-element_type=\"column\" data-e-type=\"column\">\n\t\t\t<div class=\"elementor-widget-wrap elementor-element-populated\">\n\t\t\t\t\t\t<div class=\"elementor-element elementor-element-ef7da6e elementor-widget elementor-widget-image\" data-id=\"ef7da6e\" data-element_type=\"widget\" data-e-type=\"widget\" data-widget_type=\"image.default\">\n\t\t\t\t<div class=\"elementor-widget-container\">\n\t\t\t\t\t\t\t\t\t\t\t\t\t\t\t<img decoding=\"async\" width=\"640\" height=\"412\" src=\"https:\/\/nunoa.cl\/nunoapatrimonial\/wp-content\/uploads\/2023\/01\/287686114_393502902803882_6424131963699421209_n-1.jpg\" class=\"attachment-full size-full wp-image-7637\" alt=\"\" srcset=\"https:\/\/nunoa.cl\/nunoapatrimonial\/wp-content\/uploads\/2023\/01\/287686114_393502902803882_6424131963699421209_n-1.jpg 640w, https:\/\/nunoa.cl\/nunoapatrimonial\/wp-content\/uploads\/2023\/01\/287686114_393502902803882_6424131963699421209_n-1-300x193.jpg 300w\" sizes=\"(max-width: 640px) 100vw, 640px\" \/>\t\t\t\t\t\t\t\t\t\t\t\t\t\t\t<\/div>\n\t\t\t\t<\/div>\n\t\t\t\t\t<\/div>\n\t\t<\/div>\n\t\t\t\t<div class=\"elementor-column elementor-col-50 elementor-top-column elementor-element elementor-element-ca8f6ca\" data-id=\"ca8f6ca\" data-element_type=\"column\" data-e-type=\"column\">\n\t\t\t<div class=\"elementor-widget-wrap elementor-element-populated\">\n\t\t\t\t\t\t<div class=\"elementor-element elementor-element-88f224f elementor-widget elementor-widget-text-editor\" data-id=\"88f224f\" data-element_type=\"widget\" data-e-type=\"widget\" data-widget_type=\"text-editor.default\">\n\t\t\t\t<div class=\"elementor-widget-container\">\n\t\t\t\t\t\t\t\t\t<p align=\"justify\">De esta forma, el patrimonio y la memoria hist\u00f3rica, poseen diferentes dimensiones, en cuanto a su valoraci\u00f3n, sus atributos y su materialidad, expresados en cuanto son vestigios materiales de un contexto hist\u00f3rico, con rasgos definidos y establecidos, que proveen a la sociedad de un simbolismo profundo:<\/p>\t\t\t\t\t\t\t\t<\/div>\n\t\t\t\t<\/div>\n\t\t\t\t<div class=\"elementor-element elementor-element-ee5afd3 elementor-widget elementor-widget-text-editor\" data-id=\"ee5afd3\" data-element_type=\"widget\" data-e-type=\"widget\" data-widget_type=\"text-editor.default\">\n\t\t\t\t<div class=\"elementor-widget-container\">\n\t\t\t\t\t\t\t\t\t<p>Los sitios de memoria son lugares que conmemoran hechos y a las personas que fueron v\u00edctimas de violaciones masivas, sistem\u00e1ticas y generalizadas a sus derechos humanos. Son lugares donde ocurrieron asesinatos o ejecuciones extrajudiciales, procedimientos previos a la desaparici\u00f3n forzada de personas, donde se ejerci\u00f3 la tortura y la prisi\u00f3n pol\u00edtica. Simbolizan, tanto para la sociedad como para los familiares, el recuerdo de esos hechos, definidos por un v\u00ednculo entre la evocaci\u00f3n y la historia, d\u00e1ndole significado al lugar.<\/p>\t\t\t\t\t\t\t\t<\/div>\n\t\t\t\t<\/div>\n\t\t\t\t<div class=\"elementor-element elementor-element-14296cb elementor-widget elementor-widget-text-editor\" data-id=\"14296cb\" data-element_type=\"widget\" data-e-type=\"widget\" data-widget_type=\"text-editor.default\">\n\t\t\t\t<div class=\"elementor-widget-container\">\n\t\t\t\t\t\t\t\t\t<p>Su fuerza representacional reside en que son vestigios de un oscuro pasado, desperdigado por todo el mundo y correspondientes a diferentes contextos y procesos hist\u00f3ricos. La fuerza de la memoria se recupera gracias a la acci\u00f3n e iniciativa de las v\u00edctimas, de sus familias o por organizaciones y agrupaciones de v\u00edctimas o familiares, con el prop\u00f3sito de reivindicar y hacerlas parte de la memoria colectiva.<\/p>\t\t\t\t\t\t\t\t<\/div>\n\t\t\t\t<\/div>\n\t\t\t\t\t<\/div>\n\t\t<\/div>\n\t\t\t\t\t<\/div>\n\t\t<\/section>\n\t\t\t\t<section class=\"elementor-section elementor-top-section elementor-element elementor-element-04d6775 elementor-section-boxed elementor-section-height-default elementor-section-height-default wpr-particle-no wpr-jarallax-no wpr-parallax-no wpr-sticky-section-no\" data-id=\"04d6775\" data-element_type=\"section\" data-e-type=\"section\">\n\t\t\t\t\t\t<div class=\"elementor-container elementor-column-gap-default\">\n\t\t\t\t\t<div class=\"elementor-column elementor-col-100 elementor-top-column elementor-element elementor-element-acfb999\" data-id=\"acfb999\" data-element_type=\"column\" data-e-type=\"column\">\n\t\t\t<div class=\"elementor-widget-wrap elementor-element-populated\">\n\t\t\t\t\t\t<div class=\"elementor-element elementor-element-c612e3d elementor-widget elementor-widget-spacer\" data-id=\"c612e3d\" data-element_type=\"widget\" data-e-type=\"widget\" data-widget_type=\"spacer.default\">\n\t\t\t\t<div class=\"elementor-widget-container\">\n\t\t\t\t\t\t\t<div class=\"elementor-spacer\">\n\t\t\t<div class=\"elementor-spacer-inner\"><\/div>\n\t\t<\/div>\n\t\t\t\t\t\t<\/div>\n\t\t\t\t<\/div>\n\t\t\t\t\t<\/div>\n\t\t<\/div>\n\t\t\t\t\t<\/div>\n\t\t<\/section>\n\t\t\t\t<section class=\"elementor-section elementor-top-section elementor-element elementor-element-ba62e1a elementor-section-boxed elementor-section-height-default elementor-section-height-default wpr-particle-no wpr-jarallax-no wpr-parallax-no wpr-sticky-section-no\" data-id=\"ba62e1a\" data-element_type=\"section\" data-e-type=\"section\" data-settings=\"{&quot;background_background&quot;:&quot;classic&quot;}\">\n\t\t\t\t\t\t<div class=\"elementor-container elementor-column-gap-default\">\n\t\t\t\t\t<div class=\"elementor-column elementor-col-33 elementor-top-column elementor-element elementor-element-0e93b65\" data-id=\"0e93b65\" data-element_type=\"column\" data-e-type=\"column\">\n\t\t\t<div class=\"elementor-widget-wrap elementor-element-populated\">\n\t\t\t\t\t\t<div class=\"elementor-element elementor-element-d0bd925 elementor-widget elementor-widget-image\" data-id=\"d0bd925\" data-element_type=\"widget\" data-e-type=\"widget\" data-widget_type=\"image.default\">\n\t\t\t\t<div class=\"elementor-widget-container\">\n\t\t\t\t\t\t\t\t\t\t\t\t\t\t\t\t<a href=\"https:\/\/www.nunoa.cl\/\">\n\t\t\t\t\t\t\t<img decoding=\"async\" width=\"300\" height=\"122\" src=\"https:\/\/nunoa.cl\/nunoapatrimonial\/wp-content\/uploads\/2022\/08\/LOGO-1-300x122.png\" class=\"attachment-medium size-medium wp-image-1080\" alt=\"\" srcset=\"https:\/\/nunoa.cl\/nunoapatrimonial\/wp-content\/uploads\/2022\/08\/LOGO-1-300x122.png 300w, https:\/\/nunoa.cl\/nunoapatrimonial\/wp-content\/uploads\/2022\/08\/LOGO-1-1024x416.png 1024w, https:\/\/nunoa.cl\/nunoapatrimonial\/wp-content\/uploads\/2022\/08\/LOGO-1-768x312.png 768w, https:\/\/nunoa.cl\/nunoapatrimonial\/wp-content\/uploads\/2022\/08\/LOGO-1-1536x625.png 1536w, https:\/\/nunoa.cl\/nunoapatrimonial\/wp-content\/uploads\/2022\/08\/LOGO-1-2048x833.png 2048w, https:\/\/nunoa.cl\/nunoapatrimonial\/wp-content\/uploads\/2022\/08\/LOGO-1-600x244.png 600w\" sizes=\"(max-width: 300px) 100vw, 300px\" \/>\t\t\t\t\t\t\t\t<\/a>\n\t\t\t\t\t\t\t\t\t\t\t\t\t\t\t<\/div>\n\t\t\t\t<\/div>\n\t\t\t\t\t<\/div>\n\t\t<\/div>\n\t\t\t\t<div class=\"elementor-column elementor-col-33 elementor-top-column elementor-element elementor-element-83b2b46\" data-id=\"83b2b46\" data-element_type=\"column\" data-e-type=\"column\">\n\t\t\t<div class=\"elementor-widget-wrap elementor-element-populated\">\n\t\t\t\t\t\t<div class=\"elementor-element elementor-element-8def44c elementor-widget elementor-widget-image\" data-id=\"8def44c\" data-element_type=\"widget\" data-e-type=\"widget\" data-widget_type=\"image.default\">\n\t\t\t\t<div class=\"elementor-widget-container\">\n\t\t\t\t\t\t\t\t\t\t\t\t\t\t\t\t<a href=\"https:\/\/www.ccn.cl\/\">\n\t\t\t\t\t\t\t<img loading=\"lazy\" decoding=\"async\" width=\"300\" height=\"122\" src=\"https:\/\/nunoa.cl\/nunoapatrimonial\/wp-content\/uploads\/2022\/08\/ccn-300x122.png\" class=\"attachment-medium size-medium wp-image-1079\" alt=\"\" srcset=\"https:\/\/nunoa.cl\/nunoapatrimonial\/wp-content\/uploads\/2022\/08\/ccn-300x122.png 300w, https:\/\/nunoa.cl\/nunoapatrimonial\/wp-content\/uploads\/2022\/08\/ccn-1024x416.png 1024w, https:\/\/nunoa.cl\/nunoapatrimonial\/wp-content\/uploads\/2022\/08\/ccn-768x312.png 768w, https:\/\/nunoa.cl\/nunoapatrimonial\/wp-content\/uploads\/2022\/08\/ccn-1536x625.png 1536w, https:\/\/nunoa.cl\/nunoapatrimonial\/wp-content\/uploads\/2022\/08\/ccn-2048x833.png 2048w, https:\/\/nunoa.cl\/nunoapatrimonial\/wp-content\/uploads\/2022\/08\/ccn-600x244.png 600w\" sizes=\"(max-width: 300px) 100vw, 300px\" \/>\t\t\t\t\t\t\t\t<\/a>\n\t\t\t\t\t\t\t\t\t\t\t\t\t\t\t<\/div>\n\t\t\t\t<\/div>\n\t\t\t\t\t<\/div>\n\t\t<\/div>\n\t\t\t\t<div class=\"elementor-column elementor-col-33 elementor-top-column elementor-element elementor-element-668e27d\" data-id=\"668e27d\" data-element_type=\"column\" data-e-type=\"column\">\n\t\t\t<div class=\"elementor-widget-wrap elementor-element-populated\">\n\t\t\t\t\t\t<div class=\"elementor-element elementor-element-f062280 elementor-widget elementor-widget-image\" data-id=\"f062280\" data-element_type=\"widget\" data-e-type=\"widget\" data-widget_type=\"image.default\">\n\t\t\t\t<div class=\"elementor-widget-container\">\n\t\t\t\t\t\t\t\t\t\t\t\t\t\t\t\t<a href=\"https:\/\/nunoapanorama.cl\/\">\n\t\t\t\t\t\t\t<img loading=\"lazy\" decoding=\"async\" width=\"300\" height=\"122\" src=\"https:\/\/nunoa.cl\/nunoapatrimonial\/wp-content\/uploads\/2022\/08\/LOGO-1-2-300x122.png\" class=\"attachment-medium size-medium wp-image-1090\" alt=\"\" srcset=\"https:\/\/nunoa.cl\/nunoapatrimonial\/wp-content\/uploads\/2022\/08\/LOGO-1-2-300x122.png 300w, https:\/\/nunoa.cl\/nunoapatrimonial\/wp-content\/uploads\/2022\/08\/LOGO-1-2-1024x416.png 1024w, https:\/\/nunoa.cl\/nunoapatrimonial\/wp-content\/uploads\/2022\/08\/LOGO-1-2-768x312.png 768w, https:\/\/nunoa.cl\/nunoapatrimonial\/wp-content\/uploads\/2022\/08\/LOGO-1-2-1536x625.png 1536w, https:\/\/nunoa.cl\/nunoapatrimonial\/wp-content\/uploads\/2022\/08\/LOGO-1-2-2048x833.png 2048w, https:\/\/nunoa.cl\/nunoapatrimonial\/wp-content\/uploads\/2022\/08\/LOGO-1-2-600x244.png 600w\" sizes=\"(max-width: 300px) 100vw, 300px\" \/>\t\t\t\t\t\t\t\t<\/a>\n\t\t\t\t\t\t\t\t\t\t\t\t\t\t\t<\/div>\n\t\t\t\t<\/div>\n\t\t\t\t\t<\/div>\n\t\t<\/div>\n\t\t\t\t\t<\/div>\n\t\t<\/section>\n\t\t\t\t<\/div>\n\t\t","protected":false},"excerpt":{"rendered":"<p>RUTA DE LA MEMORIA \u00a0 Cada 24 de marzo se conmemora el D\u00eda Internacional del Derecho a la Verdad en relaci\u00f3n con Violaciones Graves de los Derechos Humanos y de la Dignidad de las V\u00edctimas, establecido por la ONU en la Sesi\u00f3n Plena del 21 de diciembre de 2010.\u00a0 Con dicho D\u00eda Internacional se rinde homenaje cada a\u00f1o a la memoria de\u00a0Monse\u00f1or \u00d3scar Arnulfo Romero, asesinado el 24 de marzo de 1980. Monse\u00f1or Romero denunci\u00f3 activamente las violaciones de los derechos humanos de las personas m\u00e1s vulnerables de El Salvador. Las violaciones a los DDHH tienen como complejidad el conocer las diversas verdades que circulan, pero que son parte de la\u00a0Historia\u00a0y la\u00a0Memoria. Por verdades nos referimos a una verdad hist\u00f3rica, jur\u00eddica, medi\u00e1tica, de memoria, etc. Especialmente interesante es el debate sobre la memoria de los hechos traum\u00e1ticos de la historia reciente de nuestro pa\u00eds. La transmisi\u00f3n de esos conocimientos, sobre todo a nivel educativo, plantea interrogantes sobre las relaciones existentes entre memoria e historia, inter\u00e9s por el rescate y recuperaci\u00f3n de espacios de trauma.\u00a0 El conocimiento sobre estas verdades y el valor de la memoria, ayudados por el conocimiento profundo, permitir\u00e1 tener una visi\u00f3n m\u00e1s aut\u00e9ntica, precisa y verdadera. De esta forma, el patrimonio y la memoria hist\u00f3rica, poseen diferentes dimensiones, en cuanto a su valoraci\u00f3n, sus atributos y su materialidad, expresados en cuanto son vestigios materiales de un contexto hist\u00f3rico, con rasgos definidos y establecidos, que proveen a la sociedad de un simbolismo profundo: Los sitios de memoria son lugares que conmemoran hechos y a las personas que fueron v\u00edctimas de violaciones masivas, sistem\u00e1ticas y generalizadas a sus derechos humanos. Son lugares donde ocurrieron asesinatos o ejecuciones extrajudiciales, procedimientos previos a la desaparici\u00f3n forzada de personas, donde se ejerci\u00f3 la tortura y la prisi\u00f3n pol\u00edtica. Simbolizan, tanto para la sociedad como para los familiares, el recuerdo de esos hechos, definidos por un v\u00ednculo entre la evocaci\u00f3n y la historia, d\u00e1ndole significado al lugar. Su fuerza representacional reside en que son vestigios de un oscuro pasado, desperdigado por todo el mundo y correspondientes a diferentes contextos y procesos hist\u00f3ricos. La fuerza de la memoria se recupera gracias a la acci\u00f3n e iniciativa de las v\u00edctimas, de sus familias o por organizaciones y agrupaciones de v\u00edctimas o familiares, con el prop\u00f3sito de reivindicar y hacerlas parte de la memoria colectiva.<\/p>\n","protected":false},"author":1,"featured_media":0,"parent":0,"menu_order":0,"comment_status":"closed","ping_status":"closed","template":"elementor_header_footer","meta":{"_uag_custom_page_level_css":"","footnotes":""},"class_list":["post-1241","page","type-page","status-publish","hentry","no-post-thumbnail"],"uagb_featured_image_src":{"full":false,"thumbnail":false,"medium":false,"medium_large":false,"large":false,"1536x1536":false,"2048x2048":false,"appart_350x360":false,"appart_350x400":false,"appart_80x80":false,"appart_570x340":false,"appart_100x80":false,"appart_750x400":false,"alm-thumbnail":false},"uagb_author_info":{"display_name":"ADMIN","author_link":"https:\/\/nunoa.cl\/nunoapatrimonial\/author\/admin\/"},"uagb_comment_info":0,"uagb_excerpt":"RUTA DE LA MEMORIA \u00a0 Cada 24 de marzo se conmemora el D\u00eda Internacional del Derecho a la Verdad en relaci\u00f3n con Violaciones Graves de los Derechos Humanos y de la Dignidad de las V\u00edctimas, establecido por la ONU en la Sesi\u00f3n Plena del 21 de diciembre de 2010.\u00a0 Con dicho D\u00eda Internacional se rinde&hellip;","_links":{"self":[{"href":"https:\/\/nunoa.cl\/nunoapatrimonial\/wp-json\/wp\/v2\/pages\/1241","targetHints":{"allow":["GET"]}}],"collection":[{"href":"https:\/\/nunoa.cl\/nunoapatrimonial\/wp-json\/wp\/v2\/pages"}],"about":[{"href":"https:\/\/nunoa.cl\/nunoapatrimonial\/wp-json\/wp\/v2\/types\/page"}],"author":[{"embeddable":true,"href":"https:\/\/nunoa.cl\/nunoapatrimonial\/wp-json\/wp\/v2\/users\/1"}],"replies":[{"embeddable":true,"href":"https:\/\/nunoa.cl\/nunoapatrimonial\/wp-json\/wp\/v2\/comments?post=1241"}],"version-history":[{"count":0,"href":"https:\/\/nunoa.cl\/nunoapatrimonial\/wp-json\/wp\/v2\/pages\/1241\/revisions"}],"wp:attachment":[{"href":"https:\/\/nunoa.cl\/nunoapatrimonial\/wp-json\/wp\/v2\/media?parent=1241"}],"curies":[{"name":"wp","href":"https:\/\/api.w.org\/{rel}","templated":true}]}}