{"id":279,"date":"2022-07-14T17:03:32","date_gmt":"2022-07-14T17:03:32","guid":{"rendered":"https:\/\/nunoa.cl\/nunoapanorama\/?page_id=279"},"modified":"2022-10-04T15:20:29","modified_gmt":"2022-10-04T15:20:29","slug":"condiciones_de_uso","status":"publish","type":"page","link":"https:\/\/nunoa.cl\/nunoapanorama\/condiciones_de_uso\/","title":{"rendered":"Condiciones de uso"},"content":{"rendered":"\t\t<div data-elementor-type=\"wp-page\" data-elementor-id=\"279\" class=\"elementor elementor-279\">\n\t\t\t\t\t\t<section class=\"elementor-section elementor-top-section elementor-element elementor-element-6230942 elementor-section-full_width elementor-section-stretched elementor-section-content-middle elementor-hidden-mobile elementor-section-height-default elementor-section-height-default\" data-id=\"6230942\" data-element_type=\"section\" data-settings=\"{&quot;stretch_section&quot;:&quot;section-stretched&quot;,&quot;background_background&quot;:&quot;classic&quot;}\">\n\t\t\t\t\t\t<div class=\"elementor-container elementor-column-gap-default\">\n\t\t\t\t\t<div class=\"elementor-column elementor-col-100 elementor-top-column elementor-element elementor-element-665b4df elementor-hidden-tablet elementor-hidden-mobile\" data-id=\"665b4df\" data-element_type=\"column\" data-settings=\"{&quot;background_background&quot;:&quot;classic&quot;}\">\n\t\t\t<div class=\"elementor-widget-wrap elementor-element-populated\">\n\t\t\t\t\t\t<div class=\"elementor-element elementor-element-70bf3de elementor-widget__width-inherit elementor-arrows-position-inside elementor-widget elementor-widget-image-carousel\" data-id=\"70bf3de\" data-element_type=\"widget\" data-settings=\"{&quot;slides_to_show&quot;:&quot;1&quot;,&quot;navigation&quot;:&quot;arrows&quot;,&quot;autoplay&quot;:&quot;yes&quot;,&quot;pause_on_hover&quot;:&quot;yes&quot;,&quot;pause_on_interaction&quot;:&quot;yes&quot;,&quot;autoplay_speed&quot;:5000,&quot;infinite&quot;:&quot;yes&quot;,&quot;effect&quot;:&quot;slide&quot;,&quot;speed&quot;:500}\" data-widget_type=\"image-carousel.default\">\n\t\t\t\t<div class=\"elementor-widget-container\">\n\t\t\t<style>\/*! elementor - v3.23.0 - 10-07-2024 *\/\n.elementor-widget-image-carousel .swiper,.elementor-widget-image-carousel .swiper-container{position:static}.elementor-widget-image-carousel .swiper-container .swiper-slide figure,.elementor-widget-image-carousel .swiper .swiper-slide figure{line-height:inherit}.elementor-widget-image-carousel .swiper-slide{text-align:center}.elementor-image-carousel-wrapper:not(.swiper-container-initialized):not(.swiper-initialized) .swiper-slide{max-width:calc(100% \/ var(--e-image-carousel-slides-to-show, 3))}<\/style>\t\t<div class=\"elementor-image-carousel-wrapper swiper\" dir=\"ltr\">\n\t\t\t<div class=\"elementor-image-carousel swiper-wrapper swiper-image-stretch\" aria-live=\"off\">\n\t\t\t\t\t\t\t\t<div class=\"swiper-slide\" role=\"group\" aria-roledescription=\"slide\" aria-label=\"1 de 4\"><figure class=\"swiper-slide-inner\"><img decoding=\"async\" class=\"swiper-slide-image\" src=\"https:\/\/nunoa.cl\/nunoapanorama\/wp-content\/uploads\/2022\/08\/b04.jpg\" alt=\"b04\" \/><\/figure><\/div><div class=\"swiper-slide\" role=\"group\" aria-roledescription=\"slide\" aria-label=\"2 de 4\"><figure class=\"swiper-slide-inner\"><img decoding=\"async\" class=\"swiper-slide-image\" src=\"https:\/\/nunoa.cl\/nunoapanorama\/wp-content\/uploads\/2022\/08\/b03.jpg\" alt=\"b03\" \/><\/figure><\/div><div class=\"swiper-slide\" role=\"group\" aria-roledescription=\"slide\" aria-label=\"3 de 4\"><figure class=\"swiper-slide-inner\"><img decoding=\"async\" class=\"swiper-slide-image\" src=\"https:\/\/nunoa.cl\/nunoapanorama\/wp-content\/uploads\/2022\/08\/b02.jpg\" alt=\"b02\" \/><\/figure><\/div><div class=\"swiper-slide\" role=\"group\" aria-roledescription=\"slide\" aria-label=\"4 de 4\"><figure class=\"swiper-slide-inner\"><img decoding=\"async\" class=\"swiper-slide-image\" src=\"https:\/\/nunoa.cl\/nunoapanorama\/wp-content\/uploads\/2022\/08\/b01.jpg\" alt=\"b01\" \/><\/figure><\/div>\t\t\t<\/div>\n\t\t\t\t\t\t\t\t\t\t\t\t<div class=\"elementor-swiper-button elementor-swiper-button-prev\" role=\"button\" tabindex=\"0\">\n\t\t\t\t\t\t<svg aria-hidden=\"true\" class=\"e-font-icon-svg e-eicon-chevron-left\" viewBox=\"0 0 1000 1000\" xmlns=\"http:\/\/www.w3.org\/2000\/svg\"><path d=\"M646 125C629 125 613 133 604 142L308 442C296 454 292 471 292 487 292 504 296 521 308 533L604 854C617 867 629 875 646 875 663 875 679 871 692 858 704 846 713 829 713 812 713 796 708 779 692 767L438 487 692 225C700 217 708 204 708 187 708 171 704 154 692 142 675 129 663 125 646 125Z\"><\/path><\/svg>\t\t\t\t\t<\/div>\n\t\t\t\t\t<div class=\"elementor-swiper-button elementor-swiper-button-next\" role=\"button\" tabindex=\"0\">\n\t\t\t\t\t\t<svg aria-hidden=\"true\" class=\"e-font-icon-svg e-eicon-chevron-right\" viewBox=\"0 0 1000 1000\" xmlns=\"http:\/\/www.w3.org\/2000\/svg\"><path d=\"M696 533C708 521 713 504 713 487 713 471 708 454 696 446L400 146C388 133 375 125 354 125 338 125 325 129 313 142 300 154 292 171 292 187 292 204 296 221 308 233L563 492 304 771C292 783 288 800 288 817 288 833 296 850 308 863 321 871 338 875 354 875 371 875 388 867 400 854L696 533Z\"><\/path><\/svg>\t\t\t\t\t<\/div>\n\t\t\t\t\n\t\t\t\t\t\t\t\t\t<\/div>\n\t\t\t\t<\/div>\n\t\t\t\t<\/div>\n\t\t\t\t\t<\/div>\n\t\t<\/div>\n\t\t\t\t\t<\/div>\n\t\t<\/section>\n\t\t\t\t<section class=\"elementor-section elementor-top-section elementor-element elementor-element-6b496ee elementor-section-boxed elementor-section-height-default elementor-section-height-default\" data-id=\"6b496ee\" data-element_type=\"section\">\n\t\t\t\t\t\t<div class=\"elementor-container elementor-column-gap-default\">\n\t\t\t\t\t<div class=\"elementor-column elementor-col-100 elementor-top-column elementor-element elementor-element-c9db650\" data-id=\"c9db650\" data-element_type=\"column\">\n\t\t\t<div class=\"elementor-widget-wrap elementor-element-populated\">\n\t\t\t\t\t\t<div class=\"elementor-element elementor-element-d5ebc15 elementor-widget elementor-widget-heading\" data-id=\"d5ebc15\" data-element_type=\"widget\" data-widget_type=\"heading.default\">\n\t\t\t\t<div class=\"elementor-widget-container\">\n\t\t\t<style>\/*! elementor - v3.23.0 - 10-07-2024 *\/\n.elementor-heading-title{padding:0;margin:0;line-height:1}.elementor-widget-heading .elementor-heading-title[class*=elementor-size-]>a{color:inherit;font-size:inherit;line-height:inherit}.elementor-widget-heading .elementor-heading-title.elementor-size-small{font-size:15px}.elementor-widget-heading .elementor-heading-title.elementor-size-medium{font-size:19px}.elementor-widget-heading .elementor-heading-title.elementor-size-large{font-size:29px}.elementor-widget-heading .elementor-heading-title.elementor-size-xl{font-size:39px}.elementor-widget-heading .elementor-heading-title.elementor-size-xxl{font-size:59px}<\/style><h2 class=\"elementor-heading-title elementor-size-default\">Condiciones De Uso<\/h2>\t\t<\/div>\n\t\t\t\t<\/div>\n\t\t\t\t<div class=\"elementor-element elementor-element-2067610 elementor-widget elementor-widget-text-editor\" data-id=\"2067610\" data-element_type=\"widget\" data-widget_type=\"text-editor.default\">\n\t\t\t\t<div class=\"elementor-widget-container\">\n\t\t\t<style>\/*! elementor - v3.23.0 - 10-07-2024 *\/\n.elementor-widget-text-editor.elementor-drop-cap-view-stacked .elementor-drop-cap{background-color:#69727d;color:#fff}.elementor-widget-text-editor.elementor-drop-cap-view-framed .elementor-drop-cap{color:#69727d;border:3px solid;background-color:transparent}.elementor-widget-text-editor:not(.elementor-drop-cap-view-default) .elementor-drop-cap{margin-top:8px}.elementor-widget-text-editor:not(.elementor-drop-cap-view-default) .elementor-drop-cap-letter{width:1em;height:1em}.elementor-widget-text-editor .elementor-drop-cap{float:left;text-align:center;line-height:1;font-size:50px}.elementor-widget-text-editor .elementor-drop-cap-letter{display:inline-block}<\/style>\t\t\t\t<p>1 &#8211; La Ilustre Municipalidad de \u00d1u\u00f1oa dispone de este sitio \u00fanica y exclusivamente como canal de difusi\u00f3n, por lo que no se hace responsable de organizar ni prestar ayuda econ\u00f3mica o de otra \u00edndole a los organizadores de las actividades publicadas en \u00e9l.<\/p><p>2 &#8211; La Ilustre Municipalidad de \u00d1u\u00f1oa no se hace responsable por ning\u00fan cambio o cancelaci\u00f3n de las actividades publicadas en el sitio, as\u00ed como tampoco del eventual no cumplimiento del servicio prometido por parte de los organizadores de las actividades hacia sus asistentes.<\/p><p>3 &#8211; Sobre las actividades a difundir en espacios p\u00fablicos, se les solicitar\u00e1 a los organizadores como requisito excluyente la autorizaci\u00f3n correspondiente al uso de dicho espacio, otorgada por la Ilustre Municipalidad de \u00d1u\u00f1oa.<\/p><p>4 &#8211; S\u00f3lo se difundir\u00e1n actividades realizadas en el territorio de \u00d1u\u00f1oa, sin importar la comuna de residencia u origen del organizador.<\/p><p>5 &#8211; Las solicitudes para publicar actividades en el sitio deben ser enviadas con un plazo m\u00ednimo de 7 (siete) d\u00edas h\u00e1biles previos a su realizaci\u00f3n.<\/p><p>6 &#8211; Se proh\u00edbe utilizar el sitio para actos fraudulentos.<\/p><p>7 &#8211; Queda rotundamente prohibida la publicaci\u00f3n de actividades cuyo contenido contenga lenguaje ofensivo, resulte intimidatorio, injurioso o calumnioso, que incite a la violencia, que contenga violencia gr\u00e1fica o que de cualquier manera atente contra la dignidad de cualquier persona, grupo humano o instituci\u00f3n.<\/p><p>8 &#8211; No se difundir\u00e1 ninguna actividad que sea financiada por alg\u00fan partido pol\u00edtico \u00a0o cuyo principal fin sea de propaganda pol\u00edtica.<\/p><p>9 &#8211; Las opiniones y l\u00edneas editoriales vertidas por los organizadores y realizadores de las actividades publicadas en este sitio web, son de exclusiva responsabilidad de quienes las emiten y no representan, necesariamente, la visi\u00f3n de la Ilustre Municipalidad de \u00d1u\u00f1oa como instituci\u00f3n ni el pensamiento de los funcionarios que trabajan en ella.<\/p><p>10 &#8211; La Municipalidad de \u00d1u\u00f1oa se reserva el derecho de seleccionar seg\u00fan las normas precedentes aquellas actividades que se publicar\u00e1n en la plataforma, as\u00ed como la facultad de rechazar a aquellas organizaciones y\/o personas naturales que hayan incumplido de manera reiterada los presentes t\u00e9rminos y condiciones, o hayan incumplido la normativa vigente en alguna actividad previamente realizada.<\/p>\t\t\t\t\t\t<\/div>\n\t\t\t\t<\/div>\n\t\t\t\t\t<\/div>\n\t\t<\/div>\n\t\t\t\t\t<\/div>\n\t\t<\/section>\n\t\t\t\t<\/div>\n\t\t","protected":false},"excerpt":{"rendered":"<p>Anterior Siguiente Condiciones De Uso 1 &#8211; La Ilustre Municipalidad de \u00d1u\u00f1oa dispone de este sitio \u00fanica y exclusivamente como canal de difusi\u00f3n, por lo que no se hace responsable de organizar ni prestar ayuda econ\u00f3mica o de otra \u00edndole a los organizadores de las actividades publicadas en \u00e9l. 2 &#8211; La Ilustre Municipalidad de [&hellip;]<\/p>\n","protected":false},"author":1,"featured_media":0,"parent":0,"menu_order":0,"comment_status":"closed","ping_status":"closed","template":"","meta":{"footnotes":""},"class_list":["post-279","page","type-page","status-publish","hentry","no-post-thumbnail"],"_links":{"self":[{"href":"https:\/\/nunoa.cl\/nunoapanorama\/wp-json\/wp\/v2\/pages\/279","targetHints":{"allow":["GET"]}}],"collection":[{"href":"https:\/\/nunoa.cl\/nunoapanorama\/wp-json\/wp\/v2\/pages"}],"about":[{"href":"https:\/\/nunoa.cl\/nunoapanorama\/wp-json\/wp\/v2\/types\/page"}],"author":[{"embeddable":true,"href":"https:\/\/nunoa.cl\/nunoapanorama\/wp-json\/wp\/v2\/users\/1"}],"replies":[{"embeddable":true,"href":"https:\/\/nunoa.cl\/nunoapanorama\/wp-json\/wp\/v2\/comments?post=279"}],"version-history":[{"count":0,"href":"https:\/\/nunoa.cl\/nunoapanorama\/wp-json\/wp\/v2\/pages\/279\/revisions"}],"wp:attachment":[{"href":"https:\/\/nunoa.cl\/nunoapanorama\/wp-json\/wp\/v2\/media?parent=279"}],"curies":[{"name":"wp","href":"https:\/\/api.w.org\/{rel}","templated":true}]}}